{"id":1167,"date":"2025-05-11T08:44:52","date_gmt":"2025-05-11T06:44:52","guid":{"rendered":"https:\/\/asgolfcdi.fr\/?page_id=1167"},"modified":"2025-05-11T08:44:53","modified_gmt":"2025-05-11T06:44:53","slug":"les-categories-dage","status":"publish","type":"page","link":"https:\/\/asgolfcdi.fr\/?page_id=1167","title":{"rendered":"Les cat\u00e9gories d&rsquo;\u00e2ge"},"content":{"rendered":"\n<div data-wp-interactive=\"core\/file\" class=\"wp-block-file\"><object data-wp-bind--hidden=\"!state.hasPdfPreview\" hidden class=\"wp-block-file__embed\" data=\"https:\/\/asgolfcdi.fr\/wp-content\/uploads\/2025\/05\/Les-categories-ages.pdf\" type=\"application\/pdf\" style=\"width:100%;height:1137px\" aria-label=\"Contenu embarqu\u00e9 Les cat\u00e9gories d&apos;\u00e2ge.\"><\/object><a id=\"wp-block-file--media-ac001c56-cc57-47be-892c-31214c3ef1a6\" href=\"https:\/\/asgolfcdi.fr\/wp-content\/uploads\/2025\/05\/Les-categories-ages.pdf\">Les cat\u00e9gories d&rsquo;\u00e2ge<\/a><a href=\"https:\/\/asgolfcdi.fr\/wp-content\/uploads\/2025\/05\/Les-categories-ages.pdf\" class=\"wp-block-file__button wp-element-button\" download aria-describedby=\"wp-block-file--media-ac001c56-cc57-47be-892c-31214c3ef1a6\">T\u00e9l\u00e9charger<\/a><\/div>\n\n\n\n<p><\/p>\n","protected":false},"excerpt":{"rendered":"","protected":false},"author":4,"featured_media":0,"parent":0,"menu_order":0,"comment_status":"closed","ping_status":"closed","template":"","meta":{"footnotes":""},"class_list":["post-1167","page","type-page","status-publish","hentry"],"_links":{"self":[{"href":"https:\/\/asgolfcdi.fr\/index.php?rest_route=\/wp\/v2\/pages\/1167","targetHints":{"allow":["GET"]}}],"collection":[{"href":"https:\/\/asgolfcdi.fr\/index.php?rest_route=\/wp\/v2\/pages"}],"about":[{"href":"https:\/\/asgolfcdi.fr\/index.php?rest_route=\/wp\/v2\/types\/page"}],"author":[{"embeddable":true,"href":"https:\/\/asgolfcdi.fr\/index.php?rest_route=\/wp\/v2\/users\/4"}],"replies":[{"embeddable":true,"href":"https:\/\/asgolfcdi.fr\/index.php?rest_route=%2Fwp%2Fv2%2Fcomments&post=1167"}],"version-history":[{"count":1,"href":"https:\/\/asgolfcdi.fr\/index.php?rest_route=\/wp\/v2\/pages\/1167\/revisions"}],"predecessor-version":[{"id":1169,"href":"https:\/\/asgolfcdi.fr\/index.php?rest_route=\/wp\/v2\/pages\/1167\/revisions\/1169"}],"wp:attachment":[{"href":"https:\/\/asgolfcdi.fr\/index.php?rest_route=%2Fwp%2Fv2%2Fmedia&parent=1167"}],"curies":[{"name":"wp","href":"https:\/\/api.w.org\/{rel}","templated":true}]}}