{"id":1728,"date":"2026-02-20T18:16:19","date_gmt":"2026-02-20T17:16:19","guid":{"rendered":"https:\/\/asgolfcdi.fr\/?page_id=1728"},"modified":"2026-02-20T18:16:19","modified_gmt":"2026-02-20T17:16:19","slug":"le-pro-frederic-monmarche","status":"publish","type":"page","link":"https:\/\/asgolfcdi.fr\/?page_id=1728","title":{"rendered":"Le Pro &#8211; Fr\u00e9d\u00e9ric Monmarch\u00e9"},"content":{"rendered":"\n<div data-wp-interactive=\"core\/file\" class=\"wp-block-file\"><object data-wp-bind--hidden=\"!state.hasPdfPreview\" hidden class=\"wp-block-file__embed\" data=\"https:\/\/asgolfcdi.fr\/wp-content\/uploads\/2026\/02\/FredMonmarche.pdf\" type=\"application\/pdf\" style=\"width:100%;height:1165px\" aria-label=\"Contenu embarqu\u00e9 FredMonmarche.\"><\/object><a id=\"wp-block-file--media-699720d6-48c7-4b57-befc-e92d505aa6be\" href=\"https:\/\/asgolfcdi.fr\/wp-content\/uploads\/2026\/02\/FredMonmarche.pdf\" target=\"_blank\" rel=\"noreferrer noopener\">FredMonmarche<\/a><a href=\"https:\/\/asgolfcdi.fr\/wp-content\/uploads\/2026\/02\/FredMonmarche.pdf\" class=\"wp-block-file__button wp-element-button\" download aria-describedby=\"wp-block-file--media-699720d6-48c7-4b57-befc-e92d505aa6be\">T\u00e9l\u00e9charger<\/a><\/div>\n\n\n\n<p><\/p>\n","protected":false},"excerpt":{"rendered":"","protected":false},"author":4,"featured_media":0,"parent":0,"menu_order":0,"comment_status":"closed","ping_status":"closed","template":"","meta":{"footnotes":""},"class_list":["post-1728","page","type-page","status-publish","hentry"],"_links":{"self":[{"href":"https:\/\/asgolfcdi.fr\/index.php?rest_route=\/wp\/v2\/pages\/1728","targetHints":{"allow":["GET"]}}],"collection":[{"href":"https:\/\/asgolfcdi.fr\/index.php?rest_route=\/wp\/v2\/pages"}],"about":[{"href":"https:\/\/asgolfcdi.fr\/index.php?rest_route=\/wp\/v2\/types\/page"}],"author":[{"embeddable":true,"href":"https:\/\/asgolfcdi.fr\/index.php?rest_route=\/wp\/v2\/users\/4"}],"replies":[{"embeddable":true,"href":"https:\/\/asgolfcdi.fr\/index.php?rest_route=%2Fwp%2Fv2%2Fcomments&post=1728"}],"version-history":[{"count":1,"href":"https:\/\/asgolfcdi.fr\/index.php?rest_route=\/wp\/v2\/pages\/1728\/revisions"}],"predecessor-version":[{"id":1729,"href":"https:\/\/asgolfcdi.fr\/index.php?rest_route=\/wp\/v2\/pages\/1728\/revisions\/1729"}],"wp:attachment":[{"href":"https:\/\/asgolfcdi.fr\/index.php?rest_route=%2Fwp%2Fv2%2Fmedia&parent=1728"}],"curies":[{"name":"wp","href":"https:\/\/api.w.org\/{rel}","templated":true}]}}