{"id":192,"date":"2024-02-26T15:18:37","date_gmt":"2024-02-26T14:18:37","guid":{"rendered":"https:\/\/golfcdi.madelainak.fr\/?page_id=192"},"modified":"2024-02-26T15:18:37","modified_gmt":"2024-02-26T14:18:37","slug":"ecole-de-golf","status":"publish","type":"page","link":"https:\/\/asgolfcdi.fr\/?page_id=192","title":{"rendered":"Ecole de Golf"},"content":{"rendered":"\n<h2 class=\"wp-block-heading\">L\u2019\u00e9cole de golf\u00a0: une priorit\u00e9 pour l\u2019AS golf<\/h2>\n\n\n\n<p>L\u2019association a toujours donn\u00e9 une place importante \u00e0 l\u2019\u00e9cole de golf\u00a0; que ce soit par un cout d\u2019inscription comparable aux autres sports ou le pr\u00eat de mat\u00e9riel, il est indispensable de rendre le golf abordable pour les plus jeunes, et ainsi renouveler les pratiquants.<\/p>\n\n\n\n<blockquote class=\"wp-block-quote is-layout-flow wp-block-quote-is-layout-flow\">\n<p>Apprendre le golf est \u00e0 la fois pr\u00e9cis et amusant\u00a0: j\u2019enseigne la technique de fa\u00e7on ludique. Les mat\u00e9riels sont adapt\u00e9s, les enfants peuvent rapidement s\u2019amuser et se challenger les uns les autres.<\/p>\n<cite>Le professeur, Fr\u00e9d\u00e9ric Monmarch\u00e9<\/cite><\/blockquote>\n","protected":false},"excerpt":{"rendered":"<p>L\u2019\u00e9cole de golf\u00a0: une priorit\u00e9 pour l\u2019AS golf L\u2019association a toujours donn\u00e9 une place importante \u00e0 l\u2019\u00e9cole de golf\u00a0; que ce soit par un cout d\u2019inscription comparable aux autres sports [&hellip;]<\/p>\n","protected":false},"author":4,"featured_media":193,"parent":0,"menu_order":0,"comment_status":"closed","ping_status":"closed","template":"","meta":{"footnotes":""},"class_list":["post-192","page","type-page","status-publish","has-post-thumbnail","hentry"],"_links":{"self":[{"href":"https:\/\/asgolfcdi.fr\/index.php?rest_route=\/wp\/v2\/pages\/192","targetHints":{"allow":["GET"]}}],"collection":[{"href":"https:\/\/asgolfcdi.fr\/index.php?rest_route=\/wp\/v2\/pages"}],"about":[{"href":"https:\/\/asgolfcdi.fr\/index.php?rest_route=\/wp\/v2\/types\/page"}],"author":[{"embeddable":true,"href":"https:\/\/asgolfcdi.fr\/index.php?rest_route=\/wp\/v2\/users\/4"}],"replies":[{"embeddable":true,"href":"https:\/\/asgolfcdi.fr\/index.php?rest_route=%2Fwp%2Fv2%2Fcomments&post=192"}],"version-history":[{"count":0,"href":"https:\/\/asgolfcdi.fr\/index.php?rest_route=\/wp\/v2\/pages\/192\/revisions"}],"wp:featuredmedia":[{"embeddable":true,"href":"https:\/\/asgolfcdi.fr\/index.php?rest_route=\/wp\/v2\/media\/193"}],"wp:attachment":[{"href":"https:\/\/asgolfcdi.fr\/index.php?rest_route=%2Fwp%2Fv2%2Fmedia&parent=192"}],"curies":[{"name":"wp","href":"https:\/\/api.w.org\/{rel}","templated":true}]}}