{"id":249,"date":"2024-02-24T13:26:57","date_gmt":"2024-02-24T12:26:57","guid":{"rendered":"http:\/\/golfcdi.madelainak.fr\/?page_id=2"},"modified":"2026-04-04T21:17:56","modified_gmt":"2026-04-04T19:17:56","slug":"page-d-exemple-2","status":"publish","type":"page","link":"https:\/\/asgolfcdi.fr\/?page_id=249","title":{"rendered":"Comit\u00e9 de l&rsquo;Association Sportive"},"content":{"rendered":"\n<h2 class=\"wp-block-heading\"><strong>Bureau de l\u2019Association Sportive<\/strong><\/h2>\n\n\n\n<p><strong>Pr\u00e9sident :<\/strong> Philippe NEULAT<\/p>\n\n\n\n<p><strong>Vice Pr\u00e9sident :<\/strong> Nathalie DUBOIS<\/p>\n\n\n\n<p><strong>Tr\u00e9sorier<\/strong> : Philippe PILON<\/p>\n\n\n\n<p><strong>Tr\u00e9sori\u00e8re Adjointe : <\/strong>Marie COUPPEY<\/p>\n\n\n\n<p><strong>Secr\u00e9taire : <\/strong>Jean Philippe MADELAINE <\/p>\n\n\n\n<p><strong>Secr\u00e9tair Adjoint : <\/strong>Lo\u00efc LADUNE<\/p>\n\n\n\n<p><strong>Membres du Comite<\/strong> : C\u00e9dric HAMEL, Dominique LEROY, Michel MESLIN, Viviane MESLIN, Didier EQUILBEC<\/p>\n\n\n\n<hr class=\"wp-block-separator has-alpha-channel-opacity\"\/>\n\n\n\n<h2 class=\"wp-block-heading\"><strong>Commissions<\/strong><\/h2>\n\n\n\n<p><strong>Ecole de Golf : <\/strong>Didier EQUILBEC &#8211; C\u00e9dric HAMEL<\/p>\n\n\n\n<p><strong><strong>Communication (Presse, Ville de Barneville, Association, Sport Sant\u00e9)<\/strong> :<\/strong> Viviane MESLIN<\/p>\n\n\n\n<p><strong>Terrain<\/strong> : Philippe NEULAT &#8211; Didier EQUILBEC<\/p>\n\n\n\n<p><strong>Site Internet et R\u00e9seaux Sociaux<\/strong> : Lo\u00efc LADUNE &#8211; Jean-Philippe MADELAINE<\/p>\n\n\n\n<p><strong>Correspondant service informatique FFG (RMS) : <\/strong>Dominique LEROY<\/p>\n\n\n\n<p><strong>Correspondante Golf &amp; Culture : <\/strong>Viviane MESLIN<\/p>\n\n\n\n<hr class=\"wp-block-separator has-alpha-channel-opacity\"\/>\n\n\n\n<h2 class=\"wp-block-heading\"><strong>Commission Sportive<\/strong><\/h2>\n\n\n\n<p><strong>Pr\u00e9sident :<\/strong> Philippe NEULAT<\/p>\n\n\n\n<p><strong>Membres de la commission sportive :<\/strong> Michel MESLIN, Jean Philippe MADELAINE, Dominique LEROY, Lo\u00efc LADUNE, Marie COUPPEY, Nathalie DUBOIS, C\u00e9dric HAMEL<\/p>\n\n\n\n<p><strong>Capitaine \u00e9quipe Hommes &amp; Jeunes : <\/strong>C\u00e9dric HAMEL<\/p>\n\n\n\n<p><strong>Capitaines \u00e9quipe Femmes :<\/strong> Marie COUPPEY \/ Nathalie DUBOIS<\/p>\n\n\n\n<p><strong>Correspondants S\u00e9niors de la Manche : <\/strong>Philippe NEULAT \u2013 Marie COUPPEY<\/p>\n\n\n\n<p><strong>Correspondants S\u00e9niors de Normandie : <\/strong>Jean Luc DAMECOURT (Non membre de la CS)<\/p>\n\n\n\n<p><strong>Correspondants LIPP (P &amp; P) : <\/strong>Philippe NEULAT \u2013 Michel MESLIN<\/p>\n\n\n\n<div data-wp-interactive=\"core\/file\" class=\"wp-block-file\"><object data-wp-bind--hidden=\"!state.hasPdfPreview\" hidden class=\"wp-block-file__embed\" data=\"https:\/\/asgolfcdi.fr\/wp-content\/uploads\/2026\/04\/REGLEMENT-DE-LA-COMMISSION-SPORTIVE-2026.pdf\" type=\"application\/pdf\" style=\"width:100%;height:1160px\" aria-label=\"Contenu embarqu\u00e9 REGLEMENT DE LA COMMISSION SPORTIVE - 2026.\"><\/object><a id=\"wp-block-file--media-6f743124-1cfe-40fa-b4fc-96e3a5af302c\" href=\"https:\/\/asgolfcdi.fr\/wp-content\/uploads\/2026\/04\/REGLEMENT-DE-LA-COMMISSION-SPORTIVE-2026.pdf\">REGLEMENT DE LA COMMISSION SPORTIVE &#8211; 2026<\/a><a href=\"https:\/\/asgolfcdi.fr\/wp-content\/uploads\/2026\/04\/REGLEMENT-DE-LA-COMMISSION-SPORTIVE-2026.pdf\" class=\"wp-block-file__button wp-element-button\" download aria-describedby=\"wp-block-file--media-6f743124-1cfe-40fa-b4fc-96e3a5af302c\">T\u00e9l\u00e9charger<\/a><\/div>\n\n\n\n<p><\/p>\n","protected":false},"excerpt":{"rendered":"<p>Bureau de l\u2019Association Sportive Pr\u00e9sident : Philippe NEULAT Vice Pr\u00e9sident : Nathalie DUBOIS Tr\u00e9sorier : Philippe PILON Tr\u00e9sori\u00e8re Adjointe : Marie COUPPEY Secr\u00e9taire : Jean Philippe MADELAINE Secr\u00e9tair Adjoint : [&hellip;]<\/p>\n","protected":false},"author":4,"featured_media":0,"parent":0,"menu_order":0,"comment_status":"closed","ping_status":"open","template":"","meta":{"footnotes":""},"class_list":["post-249","page","type-page","status-publish","hentry"],"_links":{"self":[{"href":"https:\/\/asgolfcdi.fr\/index.php?rest_route=\/wp\/v2\/pages\/249","targetHints":{"allow":["GET"]}}],"collection":[{"href":"https:\/\/asgolfcdi.fr\/index.php?rest_route=\/wp\/v2\/pages"}],"about":[{"href":"https:\/\/asgolfcdi.fr\/index.php?rest_route=\/wp\/v2\/types\/page"}],"author":[{"embeddable":true,"href":"https:\/\/asgolfcdi.fr\/index.php?rest_route=\/wp\/v2\/users\/4"}],"replies":[{"embeddable":true,"href":"https:\/\/asgolfcdi.fr\/index.php?rest_route=%2Fwp%2Fv2%2Fcomments&post=249"}],"version-history":[{"count":10,"href":"https:\/\/asgolfcdi.fr\/index.php?rest_route=\/wp\/v2\/pages\/249\/revisions"}],"predecessor-version":[{"id":1803,"href":"https:\/\/asgolfcdi.fr\/index.php?rest_route=\/wp\/v2\/pages\/249\/revisions\/1803"}],"wp:attachment":[{"href":"https:\/\/asgolfcdi.fr\/index.php?rest_route=%2Fwp%2Fv2%2Fmedia&parent=249"}],"curies":[{"name":"wp","href":"https:\/\/api.w.org\/{rel}","templated":true}]}}