{"id":340,"date":"2024-03-02T20:40:41","date_gmt":"2024-03-02T19:40:41","guid":{"rendered":"https:\/\/asgolfcdi.fr\/?page_id=340"},"modified":"2024-03-02T20:40:42","modified_gmt":"2024-03-02T19:40:42","slug":"a-propos-de-lassociation","status":"publish","type":"page","link":"https:\/\/asgolfcdi.fr\/?page_id=340","title":{"rendered":"A propos de l&rsquo;Association"},"content":{"rendered":"\n<h3 class=\"wp-block-heading\">Une nouvelle \u00e9quipe, un nouveau bureau, une m\u00eame ambiance conviviale<\/h3>\n\n\n\n<p>Lors de la derni\u00e8re assembl\u00e9e g\u00e9n\u00e9rale du 17 f\u00e9vrier, une nouvelle \u00e9quipe a \u00e9t\u00e9 \u00e9lue pour prendre la responsabilit\u00e9 de l\u2019association sportive du golf de la C\u00f4te des Isles&nbsp;; si son r\u00f4le a chang\u00e9 depuis la reprise de la gestion du golf par Eco Golf Service, sa vocation reste fid\u00e8le aux statuts datant de l\u2019origine du golf, en 1987&nbsp; : <\/p>\n\n\n\n<blockquote class=\"wp-block-quote is-layout-flow wp-block-quote-is-layout-flow\">\n<p><em>\u00ab&nbsp;Encourager la pratique et la promotion du golf amateur et d\u00e9velopper des relations sociales entre ses membres&nbsp;\u00bb.<\/em><\/p>\n<\/blockquote>\n\n\n\n<p>Que ce soit dans l\u2019organisation de comp\u00e9titions, dans la participation \u00e0 des championnats par \u00e9quipes ou la promotion du golf aupr\u00e8s des plus jeunes dans l\u2019\u00e9cole de golf, nous souhaitons rester fid\u00e8les \u00e0 l\u2019esprit sportif et convivial qui est la marque de fabrique de notre golf.<\/p>\n\n\n\n<p>Soyez assur\u00e9s que nous ferons tout pour conserver et d\u00e9velopper cette ambiance qui caract\u00e9rise notre golf, et qui est si appr\u00e9ci\u00e9e des membres et des joueurs de l\u2019ext\u00e9rieur.<\/p>\n\n\n\n<h2 class=\"wp-block-heading\">Les statuts de l&rsquo;Association<\/h2>\n\n\n\n<div data-wp-interactive=\"core\/file\" class=\"wp-block-file\"><object data-wp-bind--hidden=\"!state.hasPdfPreview\" hidden class=\"wp-block-file__embed\" data=\"https:\/\/asgolfcdi.fr\/wp-content\/uploads\/2024\/02\/Statuts-CDI-AGE-27-02-2021-signes.pdf\" type=\"application\/pdf\" style=\"width:100%;height:600px\" aria-label=\"Contenu embarqu\u00e9 Status de l&apos;Association.\"><\/object><a id=\"wp-block-file--media-02518111-ee97-4836-85d6-705551c77226\" href=\"https:\/\/asgolfcdi.fr\/wp-content\/uploads\/2024\/02\/Statuts-CDI-AGE-27-02-2021-signes.pdf\">Status de l&rsquo;Association<\/a><a href=\"https:\/\/asgolfcdi.fr\/wp-content\/uploads\/2024\/02\/Statuts-CDI-AGE-27-02-2021-signes.pdf\" class=\"wp-block-file__button wp-element-button\" download aria-describedby=\"wp-block-file--media-02518111-ee97-4836-85d6-705551c77226\">T\u00e9l\u00e9charger<\/a><\/div>\n","protected":false},"excerpt":{"rendered":"<p>Une nouvelle \u00e9quipe, un nouveau bureau, une m\u00eame ambiance conviviale Lors de la derni\u00e8re assembl\u00e9e g\u00e9n\u00e9rale du 17 f\u00e9vrier, une nouvelle \u00e9quipe a \u00e9t\u00e9 \u00e9lue pour prendre la responsabilit\u00e9 de [&hellip;]<\/p>\n","protected":false},"author":4,"featured_media":0,"parent":0,"menu_order":0,"comment_status":"closed","ping_status":"closed","template":"","meta":{"footnotes":""},"class_list":["post-340","page","type-page","status-publish","hentry"],"_links":{"self":[{"href":"https:\/\/asgolfcdi.fr\/index.php?rest_route=\/wp\/v2\/pages\/340","targetHints":{"allow":["GET"]}}],"collection":[{"href":"https:\/\/asgolfcdi.fr\/index.php?rest_route=\/wp\/v2\/pages"}],"about":[{"href":"https:\/\/asgolfcdi.fr\/index.php?rest_route=\/wp\/v2\/types\/page"}],"author":[{"embeddable":true,"href":"https:\/\/asgolfcdi.fr\/index.php?rest_route=\/wp\/v2\/users\/4"}],"replies":[{"embeddable":true,"href":"https:\/\/asgolfcdi.fr\/index.php?rest_route=%2Fwp%2Fv2%2Fcomments&post=340"}],"version-history":[{"count":1,"href":"https:\/\/asgolfcdi.fr\/index.php?rest_route=\/wp\/v2\/pages\/340\/revisions"}],"predecessor-version":[{"id":344,"href":"https:\/\/asgolfcdi.fr\/index.php?rest_route=\/wp\/v2\/pages\/340\/revisions\/344"}],"wp:attachment":[{"href":"https:\/\/asgolfcdi.fr\/index.php?rest_route=%2Fwp%2Fv2%2Fmedia&parent=340"}],"curies":[{"name":"wp","href":"https:\/\/api.w.org\/{rel}","templated":true}]}}