{"id":353,"date":"2024-03-08T21:09:28","date_gmt":"2024-03-08T20:09:28","guid":{"rendered":"https:\/\/asgolfcdi.fr\/?page_id=353"},"modified":"2024-03-08T21:10:13","modified_gmt":"2024-03-08T20:10:13","slug":"les-reglements-de-la-lipp","status":"publish","type":"page","link":"https:\/\/asgolfcdi.fr\/?page_id=353","title":{"rendered":"Les r\u00e8glements de la LIPP"},"content":{"rendered":"\n<h1 class=\"wp-block-heading\">Les r\u00e8glements de la LIPP<\/h1>\n\n\n\n<p>Vous voulez conna\u00eetre l&rsquo;organisation de la Ligue pour l&rsquo;\u00e9t\u00e9 \u00e0 venir ? Ou vous n&rsquo;avez pas encore compris comment est calcul\u00e9 le handicap P&amp;P ? Tout est d\u00e9taill\u00e9 dans les documents joints.<\/p>\n\n\n\n<p>Et si des questions persistent, Philippe NEULAT et Michel MESLIN se feront un plaisir de vous r\u00e9pondre \ud83d\ude42<\/p>\n\n\n\n<div class=\"wp-block-file\"><a id=\"wp-block-file--media-d60e9305-a53a-4bfc-88a5-566a7f7dd32a\" href=\"https:\/\/asgolfcdi.fr\/wp-content\/uploads\/2024\/03\/Ligue-Interclubs-Pitch-Putt-LIPP-ETE-2024-modalites.pdf\">Modalit\u00e9s de la Ligue Et\u00e9 2024<\/a><a href=\"https:\/\/asgolfcdi.fr\/wp-content\/uploads\/2024\/03\/Ligue-Interclubs-Pitch-Putt-LIPP-ETE-2024-modalites.pdf\" class=\"wp-block-file__button wp-element-button\" download aria-describedby=\"wp-block-file--media-d60e9305-a53a-4bfc-88a5-566a7f7dd32a\">T\u00e9l\u00e9charger<\/a><\/div>\n\n\n\n<div class=\"wp-block-file\"><a id=\"wp-block-file--media-99ae9326-1e5e-4377-8472-a3d163d806af\" href=\"https:\/\/asgolfcdi.fr\/wp-content\/uploads\/2024\/03\/Ligue-Interclubs-Pitch-Putt-LIPP-ETE-2024-reglement.pdf\">Le R\u00e8glement de la LIPP Et\u00e9 2024<\/a><a href=\"https:\/\/asgolfcdi.fr\/wp-content\/uploads\/2024\/03\/Ligue-Interclubs-Pitch-Putt-LIPP-ETE-2024-reglement.pdf\" class=\"wp-block-file__button wp-element-button\" download aria-describedby=\"wp-block-file--media-99ae9326-1e5e-4377-8472-a3d163d806af\">T\u00e9l\u00e9charger<\/a><\/div>\n\n\n\n<div class=\"wp-block-file\"><a id=\"wp-block-file--media-b456128b-b804-44da-9cff-12e703222425\" href=\"https:\/\/asgolfcdi.fr\/wp-content\/uploads\/2024\/03\/Differentes-possibilites-dorganiser-la-LIPP-mensuelle-2024.pdf\">L&rsquo;Organisation de la Ligue d&rsquo;Et\u00e9<\/a><a href=\"https:\/\/asgolfcdi.fr\/wp-content\/uploads\/2024\/03\/Differentes-possibilites-dorganiser-la-LIPP-mensuelle-2024.pdf\" class=\"wp-block-file__button wp-element-button\" download aria-describedby=\"wp-block-file--media-b456128b-b804-44da-9cff-12e703222425\">T\u00e9l\u00e9charger<\/a><\/div>\n\n\n\n<div class=\"wp-block-file\"><a id=\"wp-block-file--media-32d75567-cca4-4a89-bdae-50ba110cb0bf\" href=\"https:\/\/asgolfcdi.fr\/wp-content\/uploads\/2024\/03\/Le-Handicap-PP.pdf\">Le Calcul du Handicap<\/a><a href=\"https:\/\/asgolfcdi.fr\/wp-content\/uploads\/2024\/03\/Le-Handicap-PP.pdf\" class=\"wp-block-file__button wp-element-button\" download aria-describedby=\"wp-block-file--media-32d75567-cca4-4a89-bdae-50ba110cb0bf\">T\u00e9l\u00e9charger<\/a><\/div>\n","protected":false},"excerpt":{"rendered":"<p>Les r\u00e8glements de la LIPP Vous voulez conna\u00eetre l&rsquo;organisation de la Ligue pour l&rsquo;\u00e9t\u00e9 \u00e0 venir ? Ou vous n&rsquo;avez pas encore compris comment est calcul\u00e9 le handicap P&amp;P ? [&hellip;]<\/p>\n","protected":false},"author":4,"featured_media":0,"parent":0,"menu_order":0,"comment_status":"closed","ping_status":"closed","template":"","meta":{"footnotes":""},"class_list":["post-353","page","type-page","status-publish","hentry"],"_links":{"self":[{"href":"https:\/\/asgolfcdi.fr\/index.php?rest_route=\/wp\/v2\/pages\/353","targetHints":{"allow":["GET"]}}],"collection":[{"href":"https:\/\/asgolfcdi.fr\/index.php?rest_route=\/wp\/v2\/pages"}],"about":[{"href":"https:\/\/asgolfcdi.fr\/index.php?rest_route=\/wp\/v2\/types\/page"}],"author":[{"embeddable":true,"href":"https:\/\/asgolfcdi.fr\/index.php?rest_route=\/wp\/v2\/users\/4"}],"replies":[{"embeddable":true,"href":"https:\/\/asgolfcdi.fr\/index.php?rest_route=%2Fwp%2Fv2%2Fcomments&post=353"}],"version-history":[{"count":3,"href":"https:\/\/asgolfcdi.fr\/index.php?rest_route=\/wp\/v2\/pages\/353\/revisions"}],"predecessor-version":[{"id":360,"href":"https:\/\/asgolfcdi.fr\/index.php?rest_route=\/wp\/v2\/pages\/353\/revisions\/360"}],"wp:attachment":[{"href":"https:\/\/asgolfcdi.fr\/index.php?rest_route=%2Fwp%2Fv2%2Fmedia&parent=353"}],"curies":[{"name":"wp","href":"https:\/\/api.w.org\/{rel}","templated":true}]}}