{"id":89,"date":"2024-02-25T09:59:55","date_gmt":"2024-02-25T08:59:55","guid":{"rendered":"https:\/\/golfcdi.madelainak.fr\/?page_id=89"},"modified":"2024-02-25T09:59:55","modified_gmt":"2024-02-25T08:59:55","slug":"le-parcours-du-pitch-putt","status":"publish","type":"page","link":"https:\/\/asgolfcdi.fr\/?page_id=89","title":{"rendered":"Le Parcours du Pitch &#038; Putt"},"content":{"rendered":"\n<h6 class=\"wp-block-heading\"><strong>Venez d\u00e9couvrir une nouvelle activit\u00e9<\/strong>, \u00e0 la fois sportive et ludique qui permet aux enfants et aux d\u00e9butants de prendre confiance sur des distances courtes et aux bons joueurs d\u2019aff\u00fbter leurs coups de pr\u00e9cision.&nbsp;<strong>Le Pitch and Putt<\/strong>&nbsp;est un format de jeu plus court en distance, qui se pratique avec 3 clubs au maximum dont le putter. Cette discipline favorise la pr\u00e9cision plut\u00f4t que la puissance ce qui permet \u00e0 tous de rivaliser \u00e0 \u00e9galit\u00e9 dans une m\u00eame partie amicale ou en comp\u00e9tition.<\/h6>\n\n\n\n<figure class=\"wp-block-gallery has-nested-images columns-default is-cropped wp-block-gallery-1 is-layout-flex wp-block-gallery-is-layout-flex\">\n<figure data-wp-context=\"{&quot;imageId&quot;:&quot;69e0ccb791b3a&quot;}\" data-wp-interactive=\"core\/image\" data-wp-key=\"69e0ccb791b3a\" class=\"wp-block-image size-full wp-lightbox-container\"><img loading=\"lazy\" decoding=\"async\" width=\"490\" height=\"682\" data-wp-class--hide=\"state.isContentHidden\" data-wp-class--show=\"state.isContentVisible\" data-wp-init=\"callbacks.setButtonStyles\" data-wp-on--click=\"actions.showLightbox\" data-wp-on--load=\"callbacks.setButtonStyles\" data-wp-on-window--resize=\"callbacks.setButtonStyles\" data-id=\"91\" src=\"https:\/\/golfcdi.madelainak.fr\/wp-content\/uploads\/2024\/02\/Plan-de-parcours-pitch-putt-1.jpg\" alt=\"\" class=\"wp-image-91\" srcset=\"https:\/\/asgolfcdi.fr\/wp-content\/uploads\/2024\/02\/Plan-de-parcours-pitch-putt-1.jpg 490w, https:\/\/asgolfcdi.fr\/wp-content\/uploads\/2024\/02\/Plan-de-parcours-pitch-putt-1-216x300.jpg 216w\" sizes=\"auto, (max-width: 490px) 100vw, 490px\" \/><button\n\t\t\tclass=\"lightbox-trigger\"\n\t\t\ttype=\"button\"\n\t\t\taria-haspopup=\"dialog\"\n\t\t\taria-label=\"Agrandir\"\n\t\t\tdata-wp-init=\"callbacks.initTriggerButton\"\n\t\t\tdata-wp-on--click=\"actions.showLightbox\"\n\t\t\tdata-wp-style--right=\"state.imageButtonRight\"\n\t\t\tdata-wp-style--top=\"state.imageButtonTop\"\n\t\t>\n\t\t\t<svg xmlns=\"http:\/\/www.w3.org\/2000\/svg\" width=\"12\" height=\"12\" fill=\"none\" viewBox=\"0 0 12 12\">\n\t\t\t\t<path fill=\"#fff\" d=\"M2 0a2 2 0 0 0-2 2v2h1.5V2a.5.5 0 0 1 .5-.5h2V0H2Zm2 10.5H2a.5.5 0 0 1-.5-.5V8H0v2a2 2 0 0 0 2 2h2v-1.5ZM8 12v-1.5h2a.5.5 0 0 0 .5-.5V8H12v2a2 2 0 0 1-2 2H8Zm2-12a2 2 0 0 1 2 2v2h-1.5V2a.5.5 0 0 0-.5-.5H8V0h2Z\" \/>\n\t\t\t<\/svg>\n\t\t<\/button><figcaption class=\"wp-element-caption\">Le parcours<\/figcaption><\/figure>\n\n\n\n<figure data-wp-context=\"{&quot;imageId&quot;:&quot;69e0ccb791eea&quot;}\" data-wp-interactive=\"core\/image\" data-wp-key=\"69e0ccb791eea\" class=\"wp-block-image size-full wp-lightbox-container\"><img loading=\"lazy\" decoding=\"async\" width=\"350\" height=\"453\" data-wp-class--hide=\"state.isContentHidden\" data-wp-class--show=\"state.isContentVisible\" data-wp-init=\"callbacks.setButtonStyles\" data-wp-on--click=\"actions.showLightbox\" data-wp-on--load=\"callbacks.setButtonStyles\" data-wp-on-window--resize=\"callbacks.setButtonStyles\" data-id=\"92\" src=\"https:\/\/golfcdi.madelainak.fr\/wp-content\/uploads\/2024\/02\/carte-de-score-Pitch-Put-001.jpg\" alt=\"\" class=\"wp-image-92\" srcset=\"https:\/\/asgolfcdi.fr\/wp-content\/uploads\/2024\/02\/carte-de-score-Pitch-Put-001.jpg 350w, https:\/\/asgolfcdi.fr\/wp-content\/uploads\/2024\/02\/carte-de-score-Pitch-Put-001-232x300.jpg 232w\" sizes=\"auto, (max-width: 350px) 100vw, 350px\" \/><button\n\t\t\tclass=\"lightbox-trigger\"\n\t\t\ttype=\"button\"\n\t\t\taria-haspopup=\"dialog\"\n\t\t\taria-label=\"Agrandir\"\n\t\t\tdata-wp-init=\"callbacks.initTriggerButton\"\n\t\t\tdata-wp-on--click=\"actions.showLightbox\"\n\t\t\tdata-wp-style--right=\"state.imageButtonRight\"\n\t\t\tdata-wp-style--top=\"state.imageButtonTop\"\n\t\t>\n\t\t\t<svg xmlns=\"http:\/\/www.w3.org\/2000\/svg\" width=\"12\" height=\"12\" fill=\"none\" viewBox=\"0 0 12 12\">\n\t\t\t\t<path fill=\"#fff\" d=\"M2 0a2 2 0 0 0-2 2v2h1.5V2a.5.5 0 0 1 .5-.5h2V0H2Zm2 10.5H2a.5.5 0 0 1-.5-.5V8H0v2a2 2 0 0 0 2 2h2v-1.5ZM8 12v-1.5h2a.5.5 0 0 0 .5-.5V8H12v2a2 2 0 0 1-2 2H8Zm2-12a2 2 0 0 1 2 2v2h-1.5V2a.5.5 0 0 0-.5-.5H8V0h2Z\" \/>\n\t\t\t<\/svg>\n\t\t<\/button><figcaption class=\"wp-element-caption\">La carte de score<\/figcaption><\/figure>\n<\/figure>\n","protected":false},"excerpt":{"rendered":"<p>Venez d\u00e9couvrir une nouvelle activit\u00e9, \u00e0 la fois sportive et ludique qui permet aux enfants et aux d\u00e9butants de prendre confiance sur des distances courtes et aux bons joueurs d\u2019aff\u00fbter [&hellip;]<\/p>\n","protected":false},"author":4,"featured_media":0,"parent":0,"menu_order":0,"comment_status":"closed","ping_status":"closed","template":"","meta":{"footnotes":""},"class_list":["post-89","page","type-page","status-publish","hentry"],"_links":{"self":[{"href":"https:\/\/asgolfcdi.fr\/index.php?rest_route=\/wp\/v2\/pages\/89","targetHints":{"allow":["GET"]}}],"collection":[{"href":"https:\/\/asgolfcdi.fr\/index.php?rest_route=\/wp\/v2\/pages"}],"about":[{"href":"https:\/\/asgolfcdi.fr\/index.php?rest_route=\/wp\/v2\/types\/page"}],"author":[{"embeddable":true,"href":"https:\/\/asgolfcdi.fr\/index.php?rest_route=\/wp\/v2\/users\/4"}],"replies":[{"embeddable":true,"href":"https:\/\/asgolfcdi.fr\/index.php?rest_route=%2Fwp%2Fv2%2Fcomments&post=89"}],"version-history":[{"count":0,"href":"https:\/\/asgolfcdi.fr\/index.php?rest_route=\/wp\/v2\/pages\/89\/revisions"}],"wp:attachment":[{"href":"https:\/\/asgolfcdi.fr\/index.php?rest_route=%2Fwp%2Fv2%2Fmedia&parent=89"}],"curies":[{"name":"wp","href":"https:\/\/api.w.org\/{rel}","templated":true}]}}